{"id":6655,"date":"2019-01-08T20:53:13","date_gmt":"2019-01-08T20:53:13","guid":{"rendered":"http:\/\/www.baubleswithlogo.com\/engraved-christmas-balls-with-logo-copy\/"},"modified":"2023-02-21T10:16:12","modified_gmt":"2023-02-21T10:16:12","slug":"printed-christmas-baubles-ornaments","status":"publish","type":"page","link":"https:\/\/www.baubleswithlogo.com\/de\/printed-christmas-baubles-ornaments\/","title":{"rendered":"Printed  Christmas baubles ornaments"},"content":{"rendered":"<!--themify_builder_content-->\r\n<div id=\"themify_builder_content-6655\" data-postid=\"6655\" class=\"themify_builder_content themify_builder_content-6655 themify_builder tf_clear\">\r\n    \t\t\t<!-- module_row -->\r\n\t<div  data-css_id=\"sngt399\" data-lazy=\"1\" class=\"module_row themify_builder_row fullwidth tb_sngt399 tb_first tf_w tf_clearfix\">\r\n\t    \t\t\t<div class=\"row_inner col_align_top tb_col_count_2 tf_box tf_rel\">\r\n\t\t            <div  data-lazy=\"1\" class=\"module_column tb-column col4-2 tb_s8z5635 first\">\r\n                                                        <div class=\"tb-column-inner tf_box tf_w\">\r\n                        <!-- module text -->\r\n<div  class=\"module module-text tb_jbk4300  repeat\" data-lazy=\"1\">\r\n        <div  class=\"tb_text_wrap\">\r\n    <h1 style=\"\\\"text-align:\" center;\\\"><strong>Bedruckte Weihnachtskugeln als Werbegeschenk<\/strong><\/h1>\n<p style=\"\\\"text-align:\" center;\\\">Weihnachtskugeln mit buntem Aufdruck sind die beliebteste Methode zur Abbildung des Logos.<br \/>Wenn das Firmenlogo in Farbe am besten aussieht, empfehlen wir diese Methode. <br \/>Wir k\u00f6nnen jedes Logo nach Kundenwunsch realisieren. Bedruckte Kugeln werden im Tampondruckverfahren hergestellt. Zuerst ben\u00f6tigen wir eine Matrize, die wir mit Farbe f\u00fcllen. <br \/>Anschlie\u00dfend haben wir die Farbe auf Weihnachtskugeln \u00fcbertragen. Jede Matrix hat ein individuelles Muster und wird speziell f\u00fcr ein bestimmtes Projekt erstellt.<br \/>Bedruckte Weihnachtskugeln als Ornament \u2013 Dies ist ein interessantes Angebot f\u00fcr Unternehmen, bei denen Farbe eine wichtige Rolle bei den Marketingaktivit\u00e4ten spielt.<br \/>Dies ist jedoch nicht die beste Wahl f\u00fcr ein mehrfarbiges Logo mit mehr als 6 Farben. <br \/>Am sch\u00f6nsten wirken bedruckte Kugeln auf hellen Weihnachtskugeln, es sei denn, der Aufdruck ist wei\u00df, dann sieht er auf einer dunkelblauen, flaschengr\u00fcnen oder schwarzen Weihnachtskugel gut aus. <br \/>Sie k\u00f6nnen nicht nur Logos oder W\u00fcnsche, sondern auch beliebige Grafiken drucken. Zus\u00e4tzlich k\u00f6nnen Sie die<a href=\"\/de\/\"http:> Weihnachtskugeln<\/a> mit handgefertigten Glitzerornamenten. <br \/>Unsere Kugeln sehen auf dem St\u00e4nder gro\u00dfartig aus. Wir k\u00f6nnen sie auch in eine Schachtel, Zellophan und eine Schleife verpacken und so ein wundersch\u00f6n verpacktes Geschenk kreieren. <br \/>Das endg\u00fcltige Aussehen der Kugel h\u00e4ngt von Ihnen ab!<br \/>Weihnachtskugeln mit Firmenlogo eignen sich hervorragend als Geschenk oder schm\u00fccken den Weihnachtsbaum am Arbeitsplatz.<\/p>    <\/div>\r\n<\/div>\r\n<!-- \/module text -->                    <\/div>\r\n                            <\/div>\r\n                        <div  data-lazy=\"1\" class=\"module_column tb-column col4-2 tb_mh2c077 last\">\r\n                                                        <div class=\"tb-column-inner tf_box tf_w\">\r\n                        <!-- module image -->\r\n<div  class=\"module module-image tb_8jvi003   image-top tf_mw\" data-lazy=\"1\">\r\n        <div class=\"image-wrap tf_rel tf_mw\">\r\n\t\t    <img loading=\"lazy\" decoding=\"async\" src=\"http:\/\/www.baubleswithlogo.com\/wp-content\/uploads\/2019\/01\/bombki-z-nadrukiem.jpg\" width=\"800\" height=\"800\" alt=\"Promotional Christmas ornaments\">\t\r\n\t\t<\/div>\r\n\t<!-- \/image-wrap -->\r\n    \r\n    \t<\/div>\r\n<!-- \/module image -->                    <\/div>\r\n                            <\/div>\r\n            \t    <\/div>\r\n\t    <!-- \/row_inner -->\r\n\t<\/div>\r\n\t<!-- \/module_row -->\r\n\t\t\t\t<!-- module_row -->\r\n\t<div  data-lazy=\"1\" class=\"module_row themify_builder_row tb_htda300 tf_w tf_clearfix\">\r\n\t    \t\t\t<div class=\"row_inner col_align_top tb_col_count_1 tf_box tf_rel\">\r\n\t\t            <div  data-lazy=\"1\" class=\"module_column tb-column col-full tb_x06w334 first\">\r\n                                                        <div class=\"tb-column-inner tf_box tf_w\">\r\n                        <div  class=\"module themify_builder_slider_wrap tf_clearfix module-slider tb_ub9u908  slider-default\" data-lazy=\"1\">\r\n        <div class=\"themify_builder_slider tf_carousel tf_swiper-container tf_rel tf_overflow\" data-lazy=\"1\"\t\tdata-tbreakpoints=\"1024\"\r\n\t\tdata-mbreakpoints=\"480\"\r\n\t\tdata-visible=\"3\"\r\n\t\tdata-tab-visible=\"\"\r\n\t\tdata-mob-visible=\"\"\r\n\t\tdata-scroll=\"1\"\r\n\t\t\t\t\t\t\tdata-auto=\"1000\"\r\n\t\t\tdata-controller=\"0\"\r\n\t\t\tdata-pause_hover=\"1\"\r\n\t\t\t\tdata-speed=\"1\"\r\n\t\tdata-wrapvar=\"1\"\r\n\t\tdata-slider_nav=\"1\"\r\n\t\tdata-pager=\"1\"\r\n\t\tdata-effect=\"scroll\" \r\n\t\tdata-height=\"variable\"\r\n\t\tdata-horizontal=\"0\"\r\n\t\tdata-css_url=\"https:\/\/www.baubleswithlogo.com\/wp-content\/themes\/themify-ultra\/themify\/themify-builder\/css\/modules\/sliders\/carousel.css,https:\/\/www.baubleswithlogo.com\/wp-content\/themes\/themify-ultra\/themify\/themify-builder\/css\/modules\/sliders\/slider.css\"\r\n\t\t\t>\r\n\t\t<div class=\"tf_swiper-wrapper tf_lazy tf_rel tf_w tf_h tf_textc\">\r\n\t        <!-- module slider image -->\r\n\r\n                     <div class=\"tf_swiper-slide\">\r\n            <div class=\"slide-inner-wrap\">\r\n                                    <div class=\"tf_rel tf_lazy slide-image\">\r\n                                                                            <img src=\"data:image\/svg+xml;charset=UTF-8,%3Csvg%20xmlns%3D%27http%3A%2F%2Fwww.w3.org%2F2000%2Fsvg%27%20width%3D%27800%27%20height%3D%27600%27%20fill%3D%27rgba%28255%2C255%2C255%2C.2%29%27%3E%3Crect%20width%3D%27100%25%27%20height%3D%27100%25%27%2F%3E%3C%2Fsvg%3E\" loading=\"lazy\" data-lazy=\"1\" class=\"tf_svg_lazy\" decoding=\"async\" data-tf-src=\"http:\/\/www.baubleswithlogo.com\/wp-content\/uploads\/2019\/02\/bombka-bia\u0142a3.jpg\" width=\"360\" height=\"200\" alt=\"Christmas balls with logo, Personalized Ornaments\"><noscript><img loading=\"lazy\" decoding=\"async\" data-tf-not-load data-no-script src=\"http:\/\/www.baubleswithlogo.com\/wp-content\/uploads\/2019\/02\/bombka-bia\u0142a3.jpg\" width=\"360\" height=\"200\" alt=\"Christmas balls with logo, Personalized Ornaments\"><\/noscript>                                            <\/div><!-- \/slide-image -->\r\n                \r\n                            <\/div>\r\n        <\/div>\r\n                     <div class=\"tf_swiper-slide\">\r\n            <div class=\"slide-inner-wrap\">\r\n                                    <div class=\"tf_rel tf_lazy slide-image\">\r\n                                                                            <img src=\"data:image\/svg+xml;charset=UTF-8,%3Csvg%20xmlns%3D%27http%3A%2F%2Fwww.w3.org%2F2000%2Fsvg%27%20width%3D%27800%27%20height%3D%27600%27%20fill%3D%27rgba%28255%2C255%2C255%2C.2%29%27%3E%3Crect%20width%3D%27100%25%27%20height%3D%27100%25%27%2F%3E%3C%2Fsvg%3E\" loading=\"lazy\" data-lazy=\"1\" class=\"tf_svg_lazy\" decoding=\"async\" data-tf-src=\"http:\/\/www.baubleswithlogo.com\/wp-content\/uploads\/2019\/02\/bombka-bia\u0142a12.jpg\" width=\"360\" height=\"200\" alt=\"Christmas balls with logo, Personalized Ornaments\"><noscript><img loading=\"lazy\" decoding=\"async\" data-tf-not-load data-no-script src=\"http:\/\/www.baubleswithlogo.com\/wp-content\/uploads\/2019\/02\/bombka-bia\u0142a12.jpg\" width=\"360\" height=\"200\" alt=\"Christmas balls with logo, Personalized Ornaments\"><\/noscript>                                            <\/div><!-- \/slide-image -->\r\n                \r\n                            <\/div>\r\n        <\/div>\r\n                     <div class=\"tf_swiper-slide\">\r\n            <div class=\"slide-inner-wrap\">\r\n                                    <div class=\"tf_rel tf_lazy slide-image\">\r\n                                                                            <img src=\"data:image\/svg+xml;charset=UTF-8,%3Csvg%20xmlns%3D%27http%3A%2F%2Fwww.w3.org%2F2000%2Fsvg%27%20width%3D%27800%27%20height%3D%27600%27%20fill%3D%27rgba%28255%2C255%2C255%2C.2%29%27%3E%3Crect%20width%3D%27100%25%27%20height%3D%27100%25%27%2F%3E%3C%2Fsvg%3E\" loading=\"lazy\" data-lazy=\"1\" class=\"tf_svg_lazy\" decoding=\"async\" data-tf-src=\"http:\/\/www.baubleswithlogo.com\/wp-content\/uploads\/2019\/01\/advertising-balls-TQM-soft.jpg\" width=\"360\" height=\"200\" alt=\"advertising balls TQM soft, Logo Christmas Ornaments\"><noscript><img loading=\"lazy\" decoding=\"async\" data-tf-not-load data-no-script src=\"http:\/\/www.baubleswithlogo.com\/wp-content\/uploads\/2019\/01\/advertising-balls-TQM-soft.jpg\" width=\"360\" height=\"200\" alt=\"advertising balls TQM soft, Logo Christmas Ornaments\"><\/noscript>                                            <\/div><!-- \/slide-image -->\r\n                \r\n                            <\/div>\r\n        <\/div>\r\n                     <div class=\"tf_swiper-slide\">\r\n            <div class=\"slide-inner-wrap\">\r\n                                    <div class=\"tf_rel tf_lazy slide-image\">\r\n                                                                            <img src=\"data:image\/svg+xml;charset=UTF-8,%3Csvg%20xmlns%3D%27http%3A%2F%2Fwww.w3.org%2F2000%2Fsvg%27%20width%3D%27800%27%20height%3D%27800%27%20fill%3D%27rgba%28255%2C255%2C255%2C.2%29%27%3E%3Crect%20width%3D%27100%25%27%20height%3D%27100%25%27%2F%3E%3C%2Fsvg%3E\" loading=\"lazy\" data-lazy=\"1\" class=\"tf_svg_lazy\" decoding=\"async\" data-tf-src=\"http:\/\/www.baubleswithlogo.com\/wp-content\/uploads\/2019\/01\/bombki-z-nadrukiem.jpg\" width=\"360\" height=\"200\" alt=\"Custom Christmas Ornaments\"><noscript><img loading=\"lazy\" decoding=\"async\" data-tf-not-load data-no-script src=\"http:\/\/www.baubleswithlogo.com\/wp-content\/uploads\/2019\/01\/bombki-z-nadrukiem.jpg\" width=\"360\" height=\"200\" alt=\"Custom Christmas Ornaments\"><\/noscript>                                            <\/div><!-- \/slide-image -->\r\n                \r\n                            <\/div>\r\n        <\/div>\r\n                     <div class=\"tf_swiper-slide\">\r\n            <div class=\"slide-inner-wrap\">\r\n                                    <div class=\"tf_rel tf_lazy slide-image\">\r\n                                                                            <img src=\"data:image\/svg+xml;charset=UTF-8,%3Csvg%20xmlns%3D%27http%3A%2F%2Fwww.w3.org%2F2000%2Fsvg%27%20width%3D%27800%27%20height%3D%27600%27%20fill%3D%27rgba%28255%2C255%2C255%2C.2%29%27%3E%3Crect%20width%3D%27100%25%27%20height%3D%27100%25%27%2F%3E%3C%2Fsvg%3E\" loading=\"lazy\" data-lazy=\"1\" class=\"tf_svg_lazy\" decoding=\"async\" data-tf-src=\"http:\/\/www.baubleswithlogo.com\/wp-content\/uploads\/2019\/01\/advertising-balls-dworskie-ogrody.jpg\" width=\"360\" height=\"200\" alt=\"advertising balls DO, Promotional Christmas Ornaments\"><noscript><img loading=\"lazy\" decoding=\"async\" data-tf-not-load data-no-script src=\"http:\/\/www.baubleswithlogo.com\/wp-content\/uploads\/2019\/01\/advertising-balls-dworskie-ogrody.jpg\" width=\"360\" height=\"200\" alt=\"advertising balls DO, Promotional Christmas Ornaments\"><\/noscript>                                            <\/div><!-- \/slide-image -->\r\n                \r\n                            <\/div>\r\n        <\/div>\r\n                     <div class=\"tf_swiper-slide\">\r\n            <div class=\"slide-inner-wrap\">\r\n                                    <div class=\"tf_rel tf_lazy slide-image\">\r\n                                                                            <img src=\"data:image\/svg+xml;charset=UTF-8,%3Csvg%20xmlns%3D%27http%3A%2F%2Fwww.w3.org%2F2000%2Fsvg%27%20width%3D%27800%27%20height%3D%27600%27%20fill%3D%27rgba%28255%2C255%2C255%2C.2%29%27%3E%3Crect%20width%3D%27100%25%27%20height%3D%27100%25%27%2F%3E%3C%2Fsvg%3E\" loading=\"lazy\" data-lazy=\"1\" class=\"tf_svg_lazy\" decoding=\"async\" data-tf-src=\"http:\/\/www.baubleswithlogo.com\/wp-content\/uploads\/2019\/02\/bombka-niebieska6.jpg\" width=\"360\" height=\"200\" alt=\"Christmas balls with logo, Personalized Ornaments\"><noscript><img loading=\"lazy\" decoding=\"async\" data-tf-not-load data-no-script src=\"http:\/\/www.baubleswithlogo.com\/wp-content\/uploads\/2019\/02\/bombka-niebieska6.jpg\" width=\"360\" height=\"200\" alt=\"Christmas balls with logo, Personalized Ornaments\"><\/noscript>                                            <\/div><!-- \/slide-image -->\r\n                \r\n                            <\/div>\r\n        <\/div>\r\n                     <div class=\"tf_swiper-slide\">\r\n            <div class=\"slide-inner-wrap\">\r\n                                    <div class=\"tf_rel tf_lazy slide-image\">\r\n                                                                            <img src=\"data:image\/svg+xml;charset=UTF-8,%3Csvg%20xmlns%3D%27http%3A%2F%2Fwww.w3.org%2F2000%2Fsvg%27%20width%3D%27800%27%20height%3D%27600%27%20fill%3D%27rgba%28255%2C255%2C255%2C.2%29%27%3E%3Crect%20width%3D%27100%25%27%20height%3D%27100%25%27%2F%3E%3C%2Fsvg%3E\" loading=\"lazy\" data-lazy=\"1\" class=\"tf_svg_lazy\" decoding=\"async\" data-tf-src=\"http:\/\/www.baubleswithlogo.com\/wp-content\/uploads\/2019\/02\/printed-balls-IFA.jpg\" width=\"360\" height=\"200\" alt=\"printed balls IFA\"><noscript><img loading=\"lazy\" decoding=\"async\" data-tf-not-load data-no-script src=\"http:\/\/www.baubleswithlogo.com\/wp-content\/uploads\/2019\/02\/printed-balls-IFA.jpg\" width=\"360\" height=\"200\" alt=\"printed balls IFA\"><\/noscript>                                            <\/div><!-- \/slide-image -->\r\n                \r\n                            <\/div>\r\n        <\/div>\r\n                     <div class=\"tf_swiper-slide\">\r\n            <div class=\"slide-inner-wrap\">\r\n                                    <div class=\"tf_rel tf_lazy slide-image\">\r\n                                                                            <img src=\"data:image\/svg+xml;charset=UTF-8,%3Csvg%20xmlns%3D%27http%3A%2F%2Fwww.w3.org%2F2000%2Fsvg%27%20width%3D%27800%27%20height%3D%27600%27%20fill%3D%27rgba%28255%2C255%2C255%2C.2%29%27%3E%3Crect%20width%3D%27100%25%27%20height%3D%27100%25%27%2F%3E%3C%2Fsvg%3E\" loading=\"lazy\" data-lazy=\"1\" class=\"tf_svg_lazy\" decoding=\"async\" data-tf-src=\"http:\/\/www.baubleswithlogo.com\/wp-content\/uploads\/2019\/02\/printed-balls-SCALAM.jpg\" width=\"360\" height=\"200\" alt=\"Personalized Ornaments SCALAM\"><noscript><img loading=\"lazy\" decoding=\"async\" data-tf-not-load data-no-script src=\"http:\/\/www.baubleswithlogo.com\/wp-content\/uploads\/2019\/02\/printed-balls-SCALAM.jpg\" width=\"360\" height=\"200\" alt=\"Personalized Ornaments SCALAM\"><\/noscript>                                            <\/div><!-- \/slide-image -->\r\n                \r\n                            <\/div>\r\n        <\/div>\r\n    \t    <\/div>\r\n    <\/div>\r\n<\/div>\r\n                    <\/div>\r\n                            <\/div>\r\n            \t    <\/div>\r\n\t    <!-- \/row_inner -->\r\n\t<\/div>\r\n\t<!-- \/module_row -->\r\n\t<\/div>\r\n<!--\/themify_builder_content-->\r\n<\/p>","protected":false},"excerpt":{"rendered":"<p>Printed\u00a0 Christmas Promotional baubles ornaments Christmas baubles with colorful print are the most popular method for mapping the logo.If the company\\&#8217;s logo looks best in color, we suggest this method. Every logo the customer\\&#8217;s desires we can make. Baubles with print are made by the pad printing method. First, we need a matrix, which we [&hellip;]<\/p>\n","protected":false},"author":1,"featured_media":0,"parent":0,"menu_order":0,"comment_status":"closed","ping_status":"closed","template":"","meta":{"jetpack_post_was_ever_published":false,"footnotes":""},"class_list":["post-6655","page","type-page","status-publish","hentry","has-post-title","has-post-date","has-post-category","has-post-tag","has-post-comment","has-post-author",""],"jetpack_sharing_enabled":true,"jetpack_shortlink":"https:\/\/wp.me\/PaBMpl-1Jl","builder_content":"<h1 style=\\\"text-align: center;\\\"><strong>Printed\u00a0 Christmas Promotional baubles ornaments<\/strong><\/h1> <p style=\\\"text-align: center;\\\">Christmas baubles with colorful print are the most popular method for mapping the logo.<br \/>If the company\\'s logo looks best in color, we suggest this method. <br \/>Every logo the customer\\'s desires we can make. Baubles with print are made by the pad printing method. First, we need a matrix, which we fill with paint. <br \/>Then we transferred paint to Christmas balls. Each matrix has an individual pattern, it is created specifically for a given project.<br \/>Printed Christmas balls ornaments - This is an interesting proposition for companies in which color plays an important role in marketing activities.<br \/>But this is not the best choice for a multi-color logo, with more than 6 colors. <br \/>The best-printed baubles appear on bright baubles unless the print is white, then it looks good on a dark blue, bottle-green, or black bauble. <br \/>You can print not only logos or wishes but any graphics. Additionally, you can decorate the<a href=\\\"http:\/\/www.baubleswithlogo.com\/\\\"> Christmas baubles<\/a> with handmade glitter ornaments. <br \/>Our baubles look great on the stand. We can also pack them in a box, cellophane, and bow and create a beautifully wrapped gift. <br \/>The final look of the bauble will depend on you!<br \/>Christmas baubles with a company logo are a great idea for a gift, or you can decorate the Christmas tree in the workplace.<\/p>\n<img src=\"http:\/\/www.baubleswithlogo.com\/wp-content\/uploads\/2019\/01\/bombki-z-nadrukiem.jpg\" width=\"800\" height=\"800\" alt=\"Promotional Christmas ornaments\">\n<img src=\"data:image\/svg+xml;charset=UTF-8,%3Csvg%20xmlns%3D%27http%3A%2F%2Fwww.w3.org%2F2000%2Fsvg%27%20width%3D%27800%27%20height%3D%27600%27%20fill%3D%27rgba%28255%2C255%2C255%2C.2%29%27%3E%3Crect%20width%3D%27100%25%27%20height%3D%27100%25%27%2F%3E%3C%2Fsvg%3E\" loading=\"lazy\" data-lazy=\"1\" decoding=\"async\" data-tf-src=\"http:\/\/www.baubleswithlogo.com\/wp-content\/uploads\/2019\/02\/bombka-bia\u0142a3.jpg\" width=\"360\" height=\"200\" alt=\"Christmas balls with logo, Personalized Ornaments\"><noscript><img data-tf-not-load data-no-script src=\"http:\/\/www.baubleswithlogo.com\/wp-content\/uploads\/2019\/02\/bombka-bia\u0142a3.jpg\" width=\"360\" height=\"200\" alt=\"Christmas balls with logo, Personalized Ornaments\"><\/noscript> \n \n \n \n \n \n \n <img src=\"data:image\/svg+xml;charset=UTF-8,%3Csvg%20xmlns%3D%27http%3A%2F%2Fwww.w3.org%2F2000%2Fsvg%27%20width%3D%27800%27%20height%3D%27600%27%20fill%3D%27rgba%28255%2C255%2C255%2C.2%29%27%3E%3Crect%20width%3D%27100%25%27%20height%3D%27100%25%27%2F%3E%3C%2Fsvg%3E\" loading=\"lazy\" data-lazy=\"1\" decoding=\"async\" data-tf-src=\"http:\/\/www.baubleswithlogo.com\/wp-content\/uploads\/2019\/02\/bombka-bia\u0142a12.jpg\" width=\"360\" height=\"200\" alt=\"Christmas balls with logo, Personalized Ornaments\"><noscript><img data-tf-not-load data-no-script src=\"http:\/\/www.baubleswithlogo.com\/wp-content\/uploads\/2019\/02\/bombka-bia\u0142a12.jpg\" width=\"360\" height=\"200\" alt=\"Christmas balls with logo, Personalized Ornaments\"><\/noscript> \n \n \n \n \n \n \n <img src=\"data:image\/svg+xml;charset=UTF-8,%3Csvg%20xmlns%3D%27http%3A%2F%2Fwww.w3.org%2F2000%2Fsvg%27%20width%3D%27800%27%20height%3D%27600%27%20fill%3D%27rgba%28255%2C255%2C255%2C.2%29%27%3E%3Crect%20width%3D%27100%25%27%20height%3D%27100%25%27%2F%3E%3C%2Fsvg%3E\" loading=\"lazy\" data-lazy=\"1\" decoding=\"async\" data-tf-src=\"http:\/\/www.baubleswithlogo.com\/wp-content\/uploads\/2019\/01\/advertising-balls-TQM-soft.jpg\" width=\"360\" height=\"200\" alt=\"advertising balls TQM soft, Logo Christmas Ornaments\"><noscript><img data-tf-not-load data-no-script src=\"http:\/\/www.baubleswithlogo.com\/wp-content\/uploads\/2019\/01\/advertising-balls-TQM-soft.jpg\" width=\"360\" height=\"200\" alt=\"advertising balls TQM soft, Logo Christmas Ornaments\"><\/noscript> \n \n \n \n \n \n \n <img src=\"data:image\/svg+xml;charset=UTF-8,%3Csvg%20xmlns%3D%27http%3A%2F%2Fwww.w3.org%2F2000%2Fsvg%27%20width%3D%27800%27%20height%3D%27800%27%20fill%3D%27rgba%28255%2C255%2C255%2C.2%29%27%3E%3Crect%20width%3D%27100%25%27%20height%3D%27100%25%27%2F%3E%3C%2Fsvg%3E\" loading=\"lazy\" data-lazy=\"1\" decoding=\"async\" data-tf-src=\"http:\/\/www.baubleswithlogo.com\/wp-content\/uploads\/2019\/01\/bombki-z-nadrukiem.jpg\" width=\"360\" height=\"200\" alt=\"Custom Christmas Ornaments\"><noscript><img data-tf-not-load data-no-script src=\"http:\/\/www.baubleswithlogo.com\/wp-content\/uploads\/2019\/01\/bombki-z-nadrukiem.jpg\" width=\"360\" height=\"200\" alt=\"Custom Christmas Ornaments\"><\/noscript> \n \n \n \n \n \n \n <img src=\"data:image\/svg+xml;charset=UTF-8,%3Csvg%20xmlns%3D%27http%3A%2F%2Fwww.w3.org%2F2000%2Fsvg%27%20width%3D%27800%27%20height%3D%27600%27%20fill%3D%27rgba%28255%2C255%2C255%2C.2%29%27%3E%3Crect%20width%3D%27100%25%27%20height%3D%27100%25%27%2F%3E%3C%2Fsvg%3E\" loading=\"lazy\" data-lazy=\"1\" decoding=\"async\" data-tf-src=\"http:\/\/www.baubleswithlogo.com\/wp-content\/uploads\/2019\/01\/advertising-balls-dworskie-ogrody.jpg\" width=\"360\" height=\"200\" alt=\"advertising balls DO, Promotional Christmas Ornaments\"><noscript><img data-tf-not-load data-no-script src=\"http:\/\/www.baubleswithlogo.com\/wp-content\/uploads\/2019\/01\/advertising-balls-dworskie-ogrody.jpg\" width=\"360\" height=\"200\" alt=\"advertising balls DO, Promotional Christmas Ornaments\"><\/noscript> \n \n \n \n \n \n \n <img src=\"data:image\/svg+xml;charset=UTF-8,%3Csvg%20xmlns%3D%27http%3A%2F%2Fwww.w3.org%2F2000%2Fsvg%27%20width%3D%27800%27%20height%3D%27600%27%20fill%3D%27rgba%28255%2C255%2C255%2C.2%29%27%3E%3Crect%20width%3D%27100%25%27%20height%3D%27100%25%27%2F%3E%3C%2Fsvg%3E\" loading=\"lazy\" data-lazy=\"1\" decoding=\"async\" data-tf-src=\"http:\/\/www.baubleswithlogo.com\/wp-content\/uploads\/2019\/02\/bombka-niebieska6.jpg\" width=\"360\" height=\"200\" alt=\"Christmas balls with logo, Personalized Ornaments\"><noscript><img data-tf-not-load data-no-script src=\"http:\/\/www.baubleswithlogo.com\/wp-content\/uploads\/2019\/02\/bombka-niebieska6.jpg\" width=\"360\" height=\"200\" alt=\"Christmas balls with logo, Personalized Ornaments\"><\/noscript> \n \n \n \n \n \n \n <img src=\"data:image\/svg+xml;charset=UTF-8,%3Csvg%20xmlns%3D%27http%3A%2F%2Fwww.w3.org%2F2000%2Fsvg%27%20width%3D%27800%27%20height%3D%27600%27%20fill%3D%27rgba%28255%2C255%2C255%2C.2%29%27%3E%3Crect%20width%3D%27100%25%27%20height%3D%27100%25%27%2F%3E%3C%2Fsvg%3E\" loading=\"lazy\" data-lazy=\"1\" decoding=\"async\" data-tf-src=\"http:\/\/www.baubleswithlogo.com\/wp-content\/uploads\/2019\/02\/printed-balls-IFA.jpg\" width=\"360\" height=\"200\" alt=\"printed balls IFA\"><noscript><img data-tf-not-load data-no-script src=\"http:\/\/www.baubleswithlogo.com\/wp-content\/uploads\/2019\/02\/printed-balls-IFA.jpg\" width=\"360\" height=\"200\" alt=\"printed balls IFA\"><\/noscript> \n \n \n \n \n \n \n <img src=\"data:image\/svg+xml;charset=UTF-8,%3Csvg%20xmlns%3D%27http%3A%2F%2Fwww.w3.org%2F2000%2Fsvg%27%20width%3D%27800%27%20height%3D%27600%27%20fill%3D%27rgba%28255%2C255%2C255%2C.2%29%27%3E%3Crect%20width%3D%27100%25%27%20height%3D%27100%25%27%2F%3E%3C%2Fsvg%3E\" loading=\"lazy\" data-lazy=\"1\" decoding=\"async\" data-tf-src=\"http:\/\/www.baubleswithlogo.com\/wp-content\/uploads\/2019\/02\/printed-balls-SCALAM.jpg\" width=\"360\" height=\"200\" alt=\"Personalized Ornaments SCALAM\"><noscript><img data-tf-not-load data-no-script src=\"http:\/\/www.baubleswithlogo.com\/wp-content\/uploads\/2019\/02\/printed-balls-SCALAM.jpg\" width=\"360\" height=\"200\" alt=\"Personalized Ornaments SCALAM\"><\/noscript>","_links":{"self":[{"href":"https:\/\/www.baubleswithlogo.com\/de\/wp-json\/wp\/v2\/pages\/6655","targetHints":{"allow":["GET"]}}],"collection":[{"href":"https:\/\/www.baubleswithlogo.com\/de\/wp-json\/wp\/v2\/pages"}],"about":[{"href":"https:\/\/www.baubleswithlogo.com\/de\/wp-json\/wp\/v2\/types\/page"}],"author":[{"embeddable":true,"href":"https:\/\/www.baubleswithlogo.com\/de\/wp-json\/wp\/v2\/users\/1"}],"replies":[{"embeddable":true,"href":"https:\/\/www.baubleswithlogo.com\/de\/wp-json\/wp\/v2\/comments?post=6655"}],"version-history":[{"count":51,"href":"https:\/\/www.baubleswithlogo.com\/de\/wp-json\/wp\/v2\/pages\/6655\/revisions"}],"predecessor-version":[{"id":7423,"href":"https:\/\/www.baubleswithlogo.com\/de\/wp-json\/wp\/v2\/pages\/6655\/revisions\/7423"}],"wp:attachment":[{"href":"https:\/\/www.baubleswithlogo.com\/de\/wp-json\/wp\/v2\/media?parent=6655"}],"curies":[{"name":"wp","href":"https:\/\/api.w.org\/{rel}","templated":true}]}}