{"id":6596,"date":"2019-01-08T18:14:10","date_gmt":"2019-01-08T18:14:10","guid":{"rendered":"http:\/\/www.baubleswithlogo.com\/?page_id=6596"},"modified":"2023-02-21T10:15:42","modified_gmt":"2023-02-21T10:15:42","slug":"engraved-christmas-balls-with-logo","status":"publish","type":"page","link":"https:\/\/www.baubleswithlogo.com\/de\/engraved-christmas-balls-with-logo\/","title":{"rendered":"Gravierte Weihnachtskugeln mit Logo"},"content":{"rendered":"<!--themify_builder_content-->\r\n<div id=\"themify_builder_content-6596\" data-postid=\"6596\" class=\"themify_builder_content themify_builder_content-6596 themify_builder tf_clear\">\r\n    \t\t\t<!-- module_row -->\r\n\t<div  data-css_id=\"mco4949\" data-lazy=\"1\" class=\"module_row themify_builder_row fullwidth tb_mco4949 tb_first tf_w tf_clearfix\">\r\n\t    \t\t\t<div class=\"row_inner col_align_top tb_col_count_2 tf_box tf_rel\">\r\n\t\t            <div  data-lazy=\"1\" class=\"module_column tb-column col4-2 tb_k2zo054 first\">\r\n                                                        <div class=\"tb-column-inner tf_box tf_w\">\r\n                        <!-- module text -->\r\n<div  class=\"module module-text tb_9mdp300  repeat\" data-lazy=\"1\">\r\n        <div  class=\"tb_text_wrap\">\r\n    <h1 style=\"\\\"text-align:\" center;\\\"><strong>Gravierte Weihnachtskugeln mit Logo<\/strong><\/h1>\n<p style=\"\\\"text-align:\" center;\\\">Dank modernster Technologie und innovativer patentierter Methode werden Glas-Weihnachtskugeln graviert. Der Effekt ist erstaunlich!!!<br \/>Wir produzieren Weihnachtskugeln in ausgew\u00e4hlten Farben.<br \/>Wir gravieren alles, angefangen von der Widmung und festlichen Grafik,<br \/>Endet mit detaillierten Protokollen. Mit dem Graveur k\u00f6nnen Sie eine Zeichenfolge mit Millimetergenauigkeit erstellen.<br \/>Die Lasergravur ist eine einzigartige und moderne Methode zur Verzierung von Weihnachtskugeln. Sie k\u00f6nnen jede beliebige Gr\u00f6\u00dfe und Farbe der Kugeln w\u00e4hlen, wobei die Gravur immer in Silber erfolgt.<br \/>Dies ist eine hervorragende Methode, wenn wir das Firmenlogo pr\u00e4sentieren, Weihnachtsw\u00fcnsche oder Weihnachtsgrafiken anbringen m\u00f6chten. Wir k\u00f6nnen auch einen doppelseitigen K\u00f6der herstellen, auf dem einerseits das Firmenlogo und andererseits W\u00fcnsche angebracht werden. <br \/>Ein interessanter Vorschlag w\u00e4re, auf den Weihnachtskugeln Grafiken wie Weihnachtsbaum, Glocke, Weihnachtsmann, Sterne usw. anzubringen. Gravierte Ornamente sehen originell und elegant aus und k\u00f6nnen eine sch\u00f6ne Erg\u00e4nzung zu Weihnachtsw\u00fcnschen sein.<br \/>Ein solcher Weihnachtsschmuck kann an Mitarbeiter oder andere Personen verschenkt werden, die ihre Erinnerung zeigen m\u00f6chten. Dies k\u00f6nnen Auftragnehmer, Lieferanten, Handelsvertreter, Gesch\u00e4ftspartner oder einfach nur Stammkunden sein. <br \/>Das mit dem Logo gravierte Schmuckst\u00fcck bewahrt das Image des Unternehmens, ist aber auch ein originelles Geschenk.<\/p>\n<p>\u00a0<\/p>    <\/div>\r\n<\/div>\r\n<!-- \/module text -->                    <\/div>\r\n                            <\/div>\r\n                        <div  data-lazy=\"1\" class=\"module_column tb-column col4-2 tb_452u033 last\">\r\n                                                        <div class=\"tb-column-inner tf_box tf_w\">\r\n                        <!-- module image -->\r\n<div  class=\"module module-image tb_xecl551   image-top tf_mw\" data-lazy=\"1\">\r\n        <div class=\"image-wrap tf_rel tf_mw\">\r\n\t\t    <img loading=\"lazy\" decoding=\"async\" src=\"http:\/\/www.baubleswithlogo.com\/wp-content\/uploads\/2019\/01\/engraved-ball-with-logo.jpg\" width=\"1500\" height=\"1500\" title=\"Gravierte Weihnachtskugeln mit Logo\" alt=\"Engraved Christmas balls with logo\">\t\r\n\t\t<\/div>\r\n\t<!-- \/image-wrap -->\r\n    \r\n    \t<\/div>\r\n<!-- \/module image -->                    <\/div>\r\n                            <\/div>\r\n            \t    <\/div>\r\n\t    <!-- \/row_inner -->\r\n\t<\/div>\r\n\t<!-- \/module_row -->\r\n\t\t\t\t<!-- module_row -->\r\n\t<div  data-lazy=\"1\" class=\"module_row themify_builder_row tb_kjjx011 tf_w tf_clearfix\">\r\n\t    \t\t\t<div class=\"row_inner col_align_top tb_col_count_1 tf_box tf_rel\">\r\n\t\t            <div  data-lazy=\"1\" class=\"module_column tb-column col-full tb_dsvu300 first\">\r\n                                                        <div class=\"tb-column-inner tf_box tf_w\">\r\n                        <div  class=\"module themify_builder_slider_wrap tf_clearfix module-slider tb_7uq0731  slider-default\" data-lazy=\"1\">\r\n        <div class=\"themify_builder_slider tf_carousel tf_swiper-container tf_rel tf_overflow\" data-lazy=\"1\"\t\tdata-tbreakpoints=\"1024\"\r\n\t\tdata-mbreakpoints=\"480\"\r\n\t\tdata-visible=\"3\"\r\n\t\tdata-tab-visible=\"\"\r\n\t\tdata-mob-visible=\"\"\r\n\t\tdata-scroll=\"1\"\r\n\t\t\t\t\t\t\tdata-auto=\"1000\"\r\n\t\t\tdata-controller=\"0\"\r\n\t\t\tdata-pause_hover=\"1\"\r\n\t\t\t\tdata-speed=\"1\"\r\n\t\tdata-wrapvar=\"1\"\r\n\t\tdata-slider_nav=\"1\"\r\n\t\tdata-pager=\"1\"\r\n\t\tdata-effect=\"scroll\" \r\n\t\tdata-height=\"variable\"\r\n\t\tdata-horizontal=\"0\"\r\n\t\tdata-css_url=\"https:\/\/www.baubleswithlogo.com\/wp-content\/themes\/themify-ultra\/themify\/themify-builder\/css\/modules\/sliders\/carousel.css,https:\/\/www.baubleswithlogo.com\/wp-content\/themes\/themify-ultra\/themify\/themify-builder\/css\/modules\/sliders\/slider.css\"\r\n\t\t\t>\r\n\t\t<div class=\"tf_swiper-wrapper tf_lazy tf_rel tf_w tf_h tf_textc\">\r\n\t        <!-- module slider image -->\r\n\r\n                     <div class=\"tf_swiper-slide\">\r\n            <div class=\"slide-inner-wrap\">\r\n                                    <div class=\"tf_rel tf_lazy slide-image\">\r\n                                                                            <img src=\"data:image\/svg+xml;charset=UTF-8,%3Csvg%20xmlns%3D%27http%3A%2F%2Fwww.w3.org%2F2000%2Fsvg%27%20width%3D%27800%27%20height%3D%27600%27%20fill%3D%27rgba%28255%2C255%2C255%2C.2%29%27%3E%3Crect%20width%3D%27100%25%27%20height%3D%27100%25%27%2F%3E%3C%2Fsvg%3E\" loading=\"lazy\" data-lazy=\"1\" class=\"tf_svg_lazy\" decoding=\"async\" data-tf-src=\"http:\/\/www.baubleswithlogo.com\/wp-content\/uploads\/2019\/01\/advertising-balls-with-a-sign.jpg\" width=\"360\" height=\"200\" alt=\"advertising balls with a sign\"><noscript><img loading=\"lazy\" decoding=\"async\" data-tf-not-load data-no-script src=\"http:\/\/www.baubleswithlogo.com\/wp-content\/uploads\/2019\/01\/advertising-balls-with-a-sign.jpg\" width=\"360\" height=\"200\" alt=\"advertising balls with a sign\"><\/noscript>                                            <\/div><!-- \/slide-image -->\r\n                \r\n                            <\/div>\r\n        <\/div>\r\n                     <div class=\"tf_swiper-slide\">\r\n            <div class=\"slide-inner-wrap\">\r\n                                    <div class=\"tf_rel tf_lazy slide-image\">\r\n                                                                            <img src=\"data:image\/svg+xml;charset=UTF-8,%3Csvg%20xmlns%3D%27http%3A%2F%2Fwww.w3.org%2F2000%2Fsvg%27%20width%3D%27800%27%20height%3D%27600%27%20fill%3D%27rgba%28255%2C255%2C255%2C.2%29%27%3E%3Crect%20width%3D%27100%25%27%20height%3D%27100%25%27%2F%3E%3C%2Fsvg%3E\" loading=\"lazy\" data-lazy=\"1\" class=\"tf_svg_lazy\" decoding=\"async\" data-tf-src=\"http:\/\/www.baubleswithlogo.com\/wp-content\/uploads\/2019\/01\/company-ball-wi\u0119cbork.jpg\" width=\"360\" height=\"200\" alt=\"Personalized Christmas Ornaments\"><noscript><img loading=\"lazy\" decoding=\"async\" data-tf-not-load data-no-script src=\"http:\/\/www.baubleswithlogo.com\/wp-content\/uploads\/2019\/01\/company-ball-wi\u0119cbork.jpg\" width=\"360\" height=\"200\" alt=\"Personalized Christmas Ornaments\"><\/noscript>                                            <\/div><!-- \/slide-image -->\r\n                \r\n                            <\/div>\r\n        <\/div>\r\n                     <div class=\"tf_swiper-slide\">\r\n            <div class=\"slide-inner-wrap\">\r\n                                    <div class=\"tf_rel tf_lazy slide-image\">\r\n                                                                            <img src=\"data:image\/svg+xml;charset=UTF-8,%3Csvg%20xmlns%3D%27http%3A%2F%2Fwww.w3.org%2F2000%2Fsvg%27%20width%3D%27800%27%20height%3D%27600%27%20fill%3D%27rgba%28255%2C255%2C255%2C.2%29%27%3E%3Crect%20width%3D%27100%25%27%20height%3D%27100%25%27%2F%3E%3C%2Fsvg%3E\" loading=\"lazy\" data-lazy=\"1\" class=\"tf_svg_lazy\" decoding=\"async\" data-tf-src=\"http:\/\/www.baubleswithlogo.com\/wp-content\/uploads\/2019\/01\/balls-with-dedication-dla-kubusia-i-miko\u0142aja.jpg\" width=\"360\" height=\"200\" alt=\"Promotional Christmas Ornaments\"><noscript><img loading=\"lazy\" decoding=\"async\" data-tf-not-load data-no-script src=\"http:\/\/www.baubleswithlogo.com\/wp-content\/uploads\/2019\/01\/balls-with-dedication-dla-kubusia-i-miko\u0142aja.jpg\" width=\"360\" height=\"200\" alt=\"Promotional Christmas Ornaments\"><\/noscript>                                            <\/div><!-- \/slide-image -->\r\n                \r\n                            <\/div>\r\n        <\/div>\r\n                     <div class=\"tf_swiper-slide\">\r\n            <div class=\"slide-inner-wrap\">\r\n                                    <div class=\"tf_rel tf_lazy slide-image\">\r\n                                                                            <img src=\"data:image\/svg+xml;charset=UTF-8,%3Csvg%20xmlns%3D%27http%3A%2F%2Fwww.w3.org%2F2000%2Fsvg%27%20width%3D%27800%27%20height%3D%27600%27%20fill%3D%27rgba%28255%2C255%2C255%2C.2%29%27%3E%3Crect%20width%3D%27100%25%27%20height%3D%27100%25%27%2F%3E%3C%2Fsvg%3E\" loading=\"lazy\" data-lazy=\"1\" class=\"tf_svg_lazy\" decoding=\"async\" data-tf-src=\"http:\/\/www.baubleswithlogo.com\/wp-content\/uploads\/2019\/01\/Christmas-ball-koscielny.jpg\" width=\"360\" height=\"200\" alt=\"Christmas ball koscielny\"><noscript><img loading=\"lazy\" decoding=\"async\" data-tf-not-load data-no-script src=\"http:\/\/www.baubleswithlogo.com\/wp-content\/uploads\/2019\/01\/Christmas-ball-koscielny.jpg\" width=\"360\" height=\"200\" alt=\"Christmas ball koscielny\"><\/noscript>                                            <\/div><!-- \/slide-image -->\r\n                \r\n                            <\/div>\r\n        <\/div>\r\n                     <div class=\"tf_swiper-slide\">\r\n            <div class=\"slide-inner-wrap\">\r\n                                    <div class=\"tf_rel tf_lazy slide-image\">\r\n                                                                            <img src=\"data:image\/svg+xml;charset=UTF-8,%3Csvg%20xmlns%3D%27http%3A%2F%2Fwww.w3.org%2F2000%2Fsvg%27%20width%3D%27800%27%20height%3D%27600%27%20fill%3D%27rgba%28255%2C255%2C255%2C.2%29%27%3E%3Crect%20width%3D%27100%25%27%20height%3D%27100%25%27%2F%3E%3C%2Fsvg%3E\" loading=\"lazy\" data-lazy=\"1\" class=\"tf_svg_lazy\" decoding=\"async\" data-tf-src=\"http:\/\/www.baubleswithlogo.com\/wp-content\/uploads\/2019\/01\/christmas-ball-\u0142ukstol.jpg\" width=\"360\" height=\"200\" alt=\"christmas ball with logo, green balls\"><noscript><img loading=\"lazy\" decoding=\"async\" data-tf-not-load data-no-script src=\"http:\/\/www.baubleswithlogo.com\/wp-content\/uploads\/2019\/01\/christmas-ball-\u0142ukstol.jpg\" width=\"360\" height=\"200\" alt=\"christmas ball with logo, green balls\"><\/noscript>                                            <\/div><!-- \/slide-image -->\r\n                \r\n                            <\/div>\r\n        <\/div>\r\n                     <div class=\"tf_swiper-slide\">\r\n            <div class=\"slide-inner-wrap\">\r\n                                    <div class=\"tf_rel tf_lazy slide-image\">\r\n                                                                            <img src=\"data:image\/svg+xml;charset=UTF-8,%3Csvg%20xmlns%3D%27http%3A%2F%2Fwww.w3.org%2F2000%2Fsvg%27%20width%3D%27800%27%20height%3D%27600%27%20fill%3D%27rgba%28255%2C255%2C255%2C.2%29%27%3E%3Crect%20width%3D%27100%25%27%20height%3D%27100%25%27%2F%3E%3C%2Fsvg%3E\" loading=\"lazy\" data-lazy=\"1\" class=\"tf_svg_lazy\" decoding=\"async\" data-tf-src=\"http:\/\/www.baubleswithlogo.com\/wp-content\/uploads\/2019\/01\/balls-with-logo-victoryspa.jpg\" width=\"360\" height=\"200\" alt=\"balls with logo victoryspa\"><noscript><img loading=\"lazy\" decoding=\"async\" data-tf-not-load data-no-script src=\"http:\/\/www.baubleswithlogo.com\/wp-content\/uploads\/2019\/01\/balls-with-logo-victoryspa.jpg\" width=\"360\" height=\"200\" alt=\"balls with logo victoryspa\"><\/noscript>                                            <\/div><!-- \/slide-image -->\r\n                \r\n                            <\/div>\r\n        <\/div>\r\n    \t    <\/div>\r\n    <\/div>\r\n<\/div>\r\n                    <\/div>\r\n                            <\/div>\r\n            \t    <\/div>\r\n\t    <!-- \/row_inner -->\r\n\t<\/div>\r\n\t<!-- \/module_row -->\r\n\t<\/div>\r\n<!--\/themify_builder_content-->\r\n<\/p>","protected":false},"excerpt":{"rendered":"<p>Engraved Christmas balls with logo Thanks to the state-of-the-art technology and innovative patented method , which is engraving on glass Christmas balls . The effect is amazing!!!We produce Christmas balls in selected colors.We engrave everything, starting with dedication and festive graphics,ending with detailed logs. The engraver allows you to make a string with millimeter accuracy.Laser [&hellip;]<\/p>\n","protected":false},"author":1,"featured_media":0,"parent":0,"menu_order":0,"comment_status":"closed","ping_status":"closed","template":"","meta":{"jetpack_post_was_ever_published":false,"footnotes":""},"class_list":["post-6596","page","type-page","status-publish","hentry","has-post-title","has-post-date","has-post-category","has-post-tag","has-post-comment","has-post-author",""],"jetpack_sharing_enabled":true,"jetpack_shortlink":"https:\/\/wp.me\/PaBMpl-1Io","builder_content":"<h1 style=\\\"text-align: center;\\\"><strong>Engraved Christmas balls with logo<\/strong><\/h1> <p style=\\\"text-align: center;\\\">Thanks to the state-of-the-art technology and innovative patented method , which is engraving on glass Christmas balls . The effect is amazing!!!<br \/>We produce Christmas balls in selected colors.<br \/>We engrave everything, starting with dedication and festive graphics,<br \/>ending with detailed logs. The engraver allows you to make a string with millimeter accuracy.<br \/>Laser engraving is a unique and modern method of decorating Christmas balls. You can choose any size and color of the baubles, remembering that the engraving will always be in silver.<br \/>This is an excellent method if we want to present the company logo, put Christmas wishes, or Christmas graphics. We can also make a double-sided bait, on the one hand, place the company\u2019s logo, on the other hand, wishes. <br \/>An interesting proposition will be to put on the Christmas baubles graphics such as Christmas tree, bell, Santa, stars, etc. Engraved ornament looks original and elegant, it can be a beautiful complement to Christmas wishes.<br \/>Such a Christmas ornament can give to employees, or other persons who want to show their memory. These can be contractors, suppliers, sales representatives, business partners, or just regular customers. <br \/>The engraved bauble with the logo preserves the company\u2019s image, but it is also an original gift.<\/p> <p>\u00a0<\/p>\n<img src=\"http:\/\/www.baubleswithlogo.com\/wp-content\/uploads\/2019\/01\/engraved-ball-with-logo.jpg\" width=\"1500\" height=\"1500\" title=\"Engraved Christmas balls with logo\" alt=\"Engraved Christmas balls with logo\">\n<img src=\"data:image\/svg+xml;charset=UTF-8,%3Csvg%20xmlns%3D%27http%3A%2F%2Fwww.w3.org%2F2000%2Fsvg%27%20width%3D%27800%27%20height%3D%27600%27%20fill%3D%27rgba%28255%2C255%2C255%2C.2%29%27%3E%3Crect%20width%3D%27100%25%27%20height%3D%27100%25%27%2F%3E%3C%2Fsvg%3E\" loading=\"lazy\" data-lazy=\"1\" decoding=\"async\" data-tf-src=\"http:\/\/www.baubleswithlogo.com\/wp-content\/uploads\/2019\/01\/advertising-balls-with-a-sign.jpg\" width=\"360\" height=\"200\" alt=\"advertising balls with a sign\"><noscript><img data-tf-not-load data-no-script src=\"http:\/\/www.baubleswithlogo.com\/wp-content\/uploads\/2019\/01\/advertising-balls-with-a-sign.jpg\" width=\"360\" height=\"200\" alt=\"advertising balls with a sign\"><\/noscript> \n \n \n \n \n \n \n <img src=\"data:image\/svg+xml;charset=UTF-8,%3Csvg%20xmlns%3D%27http%3A%2F%2Fwww.w3.org%2F2000%2Fsvg%27%20width%3D%27800%27%20height%3D%27600%27%20fill%3D%27rgba%28255%2C255%2C255%2C.2%29%27%3E%3Crect%20width%3D%27100%25%27%20height%3D%27100%25%27%2F%3E%3C%2Fsvg%3E\" loading=\"lazy\" data-lazy=\"1\" decoding=\"async\" data-tf-src=\"http:\/\/www.baubleswithlogo.com\/wp-content\/uploads\/2019\/01\/company-ball-wi\u0119cbork.jpg\" width=\"360\" height=\"200\" alt=\"Personalized Christmas Ornaments\"><noscript><img data-tf-not-load data-no-script src=\"http:\/\/www.baubleswithlogo.com\/wp-content\/uploads\/2019\/01\/company-ball-wi\u0119cbork.jpg\" width=\"360\" height=\"200\" alt=\"Personalized Christmas Ornaments\"><\/noscript> \n \n \n \n \n \n \n <img src=\"data:image\/svg+xml;charset=UTF-8,%3Csvg%20xmlns%3D%27http%3A%2F%2Fwww.w3.org%2F2000%2Fsvg%27%20width%3D%27800%27%20height%3D%27600%27%20fill%3D%27rgba%28255%2C255%2C255%2C.2%29%27%3E%3Crect%20width%3D%27100%25%27%20height%3D%27100%25%27%2F%3E%3C%2Fsvg%3E\" loading=\"lazy\" data-lazy=\"1\" decoding=\"async\" data-tf-src=\"http:\/\/www.baubleswithlogo.com\/wp-content\/uploads\/2019\/01\/balls-with-dedication-dla-kubusia-i-miko\u0142aja.jpg\" width=\"360\" height=\"200\" alt=\"Promotional Christmas Ornaments\"><noscript><img data-tf-not-load data-no-script src=\"http:\/\/www.baubleswithlogo.com\/wp-content\/uploads\/2019\/01\/balls-with-dedication-dla-kubusia-i-miko\u0142aja.jpg\" width=\"360\" height=\"200\" alt=\"Promotional Christmas Ornaments\"><\/noscript> \n \n \n \n \n \n \n <img src=\"data:image\/svg+xml;charset=UTF-8,%3Csvg%20xmlns%3D%27http%3A%2F%2Fwww.w3.org%2F2000%2Fsvg%27%20width%3D%27800%27%20height%3D%27600%27%20fill%3D%27rgba%28255%2C255%2C255%2C.2%29%27%3E%3Crect%20width%3D%27100%25%27%20height%3D%27100%25%27%2F%3E%3C%2Fsvg%3E\" loading=\"lazy\" data-lazy=\"1\" decoding=\"async\" data-tf-src=\"http:\/\/www.baubleswithlogo.com\/wp-content\/uploads\/2019\/01\/Christmas-ball-koscielny.jpg\" width=\"360\" height=\"200\" alt=\"Christmas ball koscielny\"><noscript><img data-tf-not-load data-no-script src=\"http:\/\/www.baubleswithlogo.com\/wp-content\/uploads\/2019\/01\/Christmas-ball-koscielny.jpg\" width=\"360\" height=\"200\" alt=\"Christmas ball koscielny\"><\/noscript> \n \n \n \n \n \n \n <img src=\"data:image\/svg+xml;charset=UTF-8,%3Csvg%20xmlns%3D%27http%3A%2F%2Fwww.w3.org%2F2000%2Fsvg%27%20width%3D%27800%27%20height%3D%27600%27%20fill%3D%27rgba%28255%2C255%2C255%2C.2%29%27%3E%3Crect%20width%3D%27100%25%27%20height%3D%27100%25%27%2F%3E%3C%2Fsvg%3E\" loading=\"lazy\" data-lazy=\"1\" decoding=\"async\" data-tf-src=\"http:\/\/www.baubleswithlogo.com\/wp-content\/uploads\/2019\/01\/christmas-ball-\u0142ukstol.jpg\" width=\"360\" height=\"200\" alt=\"christmas ball with logo, green balls\"><noscript><img data-tf-not-load data-no-script src=\"http:\/\/www.baubleswithlogo.com\/wp-content\/uploads\/2019\/01\/christmas-ball-\u0142ukstol.jpg\" width=\"360\" height=\"200\" alt=\"christmas ball with logo, green balls\"><\/noscript> \n \n \n \n \n \n \n <img src=\"data:image\/svg+xml;charset=UTF-8,%3Csvg%20xmlns%3D%27http%3A%2F%2Fwww.w3.org%2F2000%2Fsvg%27%20width%3D%27800%27%20height%3D%27600%27%20fill%3D%27rgba%28255%2C255%2C255%2C.2%29%27%3E%3Crect%20width%3D%27100%25%27%20height%3D%27100%25%27%2F%3E%3C%2Fsvg%3E\" loading=\"lazy\" data-lazy=\"1\" decoding=\"async\" data-tf-src=\"http:\/\/www.baubleswithlogo.com\/wp-content\/uploads\/2019\/01\/balls-with-logo-victoryspa.jpg\" width=\"360\" height=\"200\" alt=\"balls with logo victoryspa\"><noscript><img data-tf-not-load data-no-script src=\"http:\/\/www.baubleswithlogo.com\/wp-content\/uploads\/2019\/01\/balls-with-logo-victoryspa.jpg\" width=\"360\" height=\"200\" alt=\"balls with logo victoryspa\"><\/noscript>","_links":{"self":[{"href":"https:\/\/www.baubleswithlogo.com\/de\/wp-json\/wp\/v2\/pages\/6596","targetHints":{"allow":["GET"]}}],"collection":[{"href":"https:\/\/www.baubleswithlogo.com\/de\/wp-json\/wp\/v2\/pages"}],"about":[{"href":"https:\/\/www.baubleswithlogo.com\/de\/wp-json\/wp\/v2\/types\/page"}],"author":[{"embeddable":true,"href":"https:\/\/www.baubleswithlogo.com\/de\/wp-json\/wp\/v2\/users\/1"}],"replies":[{"embeddable":true,"href":"https:\/\/www.baubleswithlogo.com\/de\/wp-json\/wp\/v2\/comments?post=6596"}],"version-history":[{"count":32,"href":"https:\/\/www.baubleswithlogo.com\/de\/wp-json\/wp\/v2\/pages\/6596\/revisions"}],"predecessor-version":[{"id":7421,"href":"https:\/\/www.baubleswithlogo.com\/de\/wp-json\/wp\/v2\/pages\/6596\/revisions\/7421"}],"wp:attachment":[{"href":"https:\/\/www.baubleswithlogo.com\/de\/wp-json\/wp\/v2\/media?parent=6596"}],"curies":[{"name":"wp","href":"https:\/\/api.w.org\/{rel}","templated":true}]}}